{"id":2748,"date":"2025-02-19T14:13:55","date_gmt":"2025-02-19T14:13:55","guid":{"rendered":"https:\/\/www.bipmedical.com\/produkt\/bip-coaxial-cannula-mr\/"},"modified":"2026-01-07T09:14:07","modified_gmt":"2026-01-07T09:14:07","slug":"bip-coaxial-cannula-mr","status":"publish","type":"product","link":"https:\/\/www.bipmedical.com\/en\/product\/bip-coaxial-cannula-mr\/","title":{"rendered":"BIP Coaxial Cannula MR"},"content":{"rendered":"<p style=\"font-weight: 400;\">The BIP Coaxial Cannula MR is a guide cannula for performing multiple biopsies on the same organ with minimal trauma.<\/p>\n<p style=\"font-weight: 400;\">It is made of titanium and consists of two parts, an outer cannula with a plastic handle and an inner stylet with a central trocar tip. The plastic cap of the stylet is color coded, matching the color code and size of the compatible biopsy needle.<\/p>\n<p style=\"font-weight: 400;\">The outer cannula is equipped with centimeter depth marks for direct visual assessment of insertion depth, and is equipped with a luer lock connection that enables to connect syringes or tubing to the proximal end of the cannula for optional aspiration<\/p>\n<p style=\"font-weight: 400;\">The BIP Coaxial Cannula MR is MR compatible (conditionally MR safe for use with 1.5 and 3 Tesla MR systems) and specially designed for use in combination with the BIP EvoCore<sup>\u00ae<\/sup> and BIP HistoCore<sup>\u00ae<\/sup> biopsy devices and respective biopsy needles. In addition, BIP marking clips can be applied through the coaxial cannula.<\/p>\n<p style=\"font-weight: 400;\"><strong>Benefits<\/strong><\/p>\n<ul>\n<li>Visibility to ultrasound, X-ray (mammography, computer tomography CT) and magnetic resonance imaging MRI<\/li>\n<li>Multiple tissue removal with only one penetration point<\/li>\n<li>Minimal trauma<\/li>\n<li>Minimal risk of cell displacement for biopsy procedures<\/li>\n<li>Easy penetration of dense tissue due special grinding at tip<\/li>\n<\/ul>\n","protected":false},"excerpt":{"rendered":"<p style=\"font-weight: 400;\">The BIP Coaxial Cannula MR is intended for introducing and guiding of compatible needles or cannulas.<br \/>\nIn this combination it is intended for soft tissue biopsies and placement of marking clips.<br \/>\nIt is intended for single-use and for transient invasive application.<br \/>\nCompatible with BIP EvoCore<sup>\u00ae<\/sup>, BIP HistoCore<sup>\u00ae<\/sup> and BIP O-Twist-Marker.<br \/>\nMR compatible \u2013 conditionally MR safe 1.5 and 3 Tesla.<br \/>\nIndications are anomalies in soft tissues as breast, prostate, liver, kidney, lung or thyroid.<\/p>\n","protected":false},"featured_media":2745,"template":"","meta":{"_acf_changed":false,"neve_meta_sidebar":"","neve_meta_container":"","neve_meta_enable_content_width":"off","neve_meta_content_width":100,"neve_meta_title_alignment":"","neve_meta_author_avatar":"","neve_post_elements_order":"","neve_meta_disable_header":"","neve_meta_disable_footer":"","neve_meta_disable_title":""},"product_brand":[],"product_cat":[37,38],"product_tag":[],"class_list":{"0":"post-2748","1":"product","2":"type-product","3":"status-publish","4":"has-post-thumbnail","6":"product_cat-biopsy","7":"product_cat-mri-compatible","9":"first","10":"instock","11":"shipping-taxable","12":"product-type-simple"},"acf":[],"yoast_head":"<!-- This site is optimized with the Yoast SEO plugin v27.3 - https:\/\/yoast.com\/product\/yoast-seo-wordpress\/ -->\n<title>BIP Coaxial Cannula MR - BIP Medical<\/title>\n<meta name=\"description\" content=\"Die BIP Coaxial Cannula MR dient als F\u00fchrungskan\u00fcle um mehrfache Biopsien am gleichen Organ mit minimaler Traumatisierung durchzuf\u00fchren.\" \/>\n<meta name=\"robots\" content=\"index, follow, max-snippet:-1, max-image-preview:large, max-video-preview:-1\" \/>\n<link rel=\"canonical\" href=\"https:\/\/www.bipmedical.com\/en\/product\/bip-coaxial-cannula-mr\/\" \/>\n<meta property=\"og:locale\" content=\"en_US\" \/>\n<meta property=\"og:type\" content=\"article\" \/>\n<meta property=\"og:title\" content=\"BIP Coaxial Cannula MR - BIP Medical\" \/>\n<meta property=\"og:description\" content=\"Die BIP Coaxial Cannula MR dient als F\u00fchrungskan\u00fcle um mehrfache Biopsien am gleichen Organ mit minimaler Traumatisierung durchzuf\u00fchren.\" \/>\n<meta property=\"og:url\" content=\"https:\/\/www.bipmedical.com\/en\/product\/bip-coaxial-cannula-mr\/\" \/>\n<meta property=\"og:site_name\" content=\"BIP Medical\" \/>\n<meta property=\"article:modified_time\" content=\"2026-01-07T09:14:07+00:00\" \/>\n<meta property=\"og:image\" content=\"https:\/\/www.bipmedical.com\/wp-content\/uploads\/2025\/02\/CCMR_Gesamt2.jpg\" \/>\n\t<meta property=\"og:image:width\" content=\"1417\" \/>\n\t<meta property=\"og:image:height\" content=\"1417\" \/>\n\t<meta property=\"og:image:type\" content=\"image\/jpeg\" \/>\n<meta name=\"twitter:card\" content=\"summary_large_image\" \/>\n<meta name=\"twitter:label1\" content=\"Est. reading time\" \/>\n\t<meta name=\"twitter:data1\" content=\"2 minutes\" \/>\n<script type=\"application\/ld+json\" class=\"yoast-schema-graph\">{\"@context\":\"https:\\\/\\\/schema.org\",\"@graph\":[{\"@type\":\"WebPage\",\"@id\":\"https:\\\/\\\/www.bipmedical.com\\\/en\\\/product\\\/bip-coaxial-cannula-mr\\\/\",\"url\":\"https:\\\/\\\/www.bipmedical.com\\\/en\\\/product\\\/bip-coaxial-cannula-mr\\\/\",\"name\":\"BIP Coaxial Cannula MR - BIP Medical\",\"isPartOf\":{\"@id\":\"https:\\\/\\\/www.bipmedical.com\\\/#website\"},\"primaryImageOfPage\":{\"@id\":\"https:\\\/\\\/www.bipmedical.com\\\/en\\\/product\\\/bip-coaxial-cannula-mr\\\/#primaryimage\"},\"image\":{\"@id\":\"https:\\\/\\\/www.bipmedical.com\\\/en\\\/product\\\/bip-coaxial-cannula-mr\\\/#primaryimage\"},\"thumbnailUrl\":\"https:\\\/\\\/www.bipmedical.com\\\/wp-content\\\/uploads\\\/2025\\\/02\\\/CCMR_Gesamt2.jpg\",\"datePublished\":\"2025-02-19T14:13:55+00:00\",\"dateModified\":\"2026-01-07T09:14:07+00:00\",\"description\":\"Die BIP Coaxial Cannula MR dient als F\u00fchrungskan\u00fcle um mehrfache Biopsien am gleichen Organ mit minimaler Traumatisierung durchzuf\u00fchren.\",\"breadcrumb\":{\"@id\":\"https:\\\/\\\/www.bipmedical.com\\\/en\\\/product\\\/bip-coaxial-cannula-mr\\\/#breadcrumb\"},\"inLanguage\":\"en-US\",\"potentialAction\":[{\"@type\":\"ReadAction\",\"target\":[\"https:\\\/\\\/www.bipmedical.com\\\/en\\\/product\\\/bip-coaxial-cannula-mr\\\/\"]}]},{\"@type\":\"ImageObject\",\"inLanguage\":\"en-US\",\"@id\":\"https:\\\/\\\/www.bipmedical.com\\\/en\\\/product\\\/bip-coaxial-cannula-mr\\\/#primaryimage\",\"url\":\"https:\\\/\\\/www.bipmedical.com\\\/wp-content\\\/uploads\\\/2025\\\/02\\\/CCMR_Gesamt2.jpg\",\"contentUrl\":\"https:\\\/\\\/www.bipmedical.com\\\/wp-content\\\/uploads\\\/2025\\\/02\\\/CCMR_Gesamt2.jpg\",\"width\":1417,\"height\":1417},{\"@type\":\"BreadcrumbList\",\"@id\":\"https:\\\/\\\/www.bipmedical.com\\\/en\\\/product\\\/bip-coaxial-cannula-mr\\\/#breadcrumb\",\"itemListElement\":[{\"@type\":\"ListItem\",\"position\":1,\"name\":\"Startseite\",\"item\":\"https:\\\/\\\/www.bipmedical.com\\\/en\\\/\"},{\"@type\":\"ListItem\",\"position\":2,\"name\":\"Products\",\"item\":\"https:\\\/\\\/www.bipmedical.com\\\/en\\\/shop\\\/\"},{\"@type\":\"ListItem\",\"position\":3,\"name\":\"BIP Coaxial Cannula MR\"}]},{\"@type\":\"WebSite\",\"@id\":\"https:\\\/\\\/www.bipmedical.com\\\/#website\",\"url\":\"https:\\\/\\\/www.bipmedical.com\\\/\",\"name\":\"BIP Medical\",\"description\":\"BIOMEDIZINISCHE PRODUKTE UND INSTRUMENTE\",\"publisher\":{\"@id\":\"https:\\\/\\\/www.bipmedical.com\\\/#organization\"},\"potentialAction\":[{\"@type\":\"SearchAction\",\"target\":{\"@type\":\"EntryPoint\",\"urlTemplate\":\"https:\\\/\\\/www.bipmedical.com\\\/?s={search_term_string}\"},\"query-input\":{\"@type\":\"PropertyValueSpecification\",\"valueRequired\":true,\"valueName\":\"search_term_string\"}}],\"inLanguage\":\"en-US\"},{\"@type\":\"Organization\",\"@id\":\"https:\\\/\\\/www.bipmedical.com\\\/#organization\",\"name\":\"BIP Biomedizinische Instrumente und Produkte GmbH\",\"url\":\"https:\\\/\\\/www.bipmedical.com\\\/\",\"logo\":{\"@type\":\"ImageObject\",\"inLanguage\":\"en-US\",\"@id\":\"https:\\\/\\\/www.bipmedical.com\\\/#\\\/schema\\\/logo\\\/image\\\/\",\"url\":\"https:\\\/\\\/www.bipmedical.com\\\/wp-content\\\/uploads\\\/2023\\\/11\\\/cropped-2023_BIP_LOGO_3000x3000px_transp.png\",\"contentUrl\":\"https:\\\/\\\/www.bipmedical.com\\\/wp-content\\\/uploads\\\/2023\\\/11\\\/cropped-2023_BIP_LOGO_3000x3000px_transp.png\",\"width\":512,\"height\":512,\"caption\":\"BIP Biomedizinische Instrumente und Produkte GmbH\"},\"image\":{\"@id\":\"https:\\\/\\\/www.bipmedical.com\\\/#\\\/schema\\\/logo\\\/image\\\/\"}}]}<\/script>\n<!-- \/ Yoast SEO plugin. -->","yoast_head_json":{"title":"BIP Coaxial Cannula MR - BIP Medical","description":"Die BIP Coaxial Cannula MR dient als F\u00fchrungskan\u00fcle um mehrfache Biopsien am gleichen Organ mit minimaler Traumatisierung durchzuf\u00fchren.","robots":{"index":"index","follow":"follow","max-snippet":"max-snippet:-1","max-image-preview":"max-image-preview:large","max-video-preview":"max-video-preview:-1"},"canonical":"https:\/\/www.bipmedical.com\/en\/product\/bip-coaxial-cannula-mr\/","og_locale":"en_US","og_type":"article","og_title":"BIP Coaxial Cannula MR - BIP Medical","og_description":"Die BIP Coaxial Cannula MR dient als F\u00fchrungskan\u00fcle um mehrfache Biopsien am gleichen Organ mit minimaler Traumatisierung durchzuf\u00fchren.","og_url":"https:\/\/www.bipmedical.com\/en\/product\/bip-coaxial-cannula-mr\/","og_site_name":"BIP Medical","article_modified_time":"2026-01-07T09:14:07+00:00","og_image":[{"width":1417,"height":1417,"url":"https:\/\/www.bipmedical.com\/wp-content\/uploads\/2025\/02\/CCMR_Gesamt2.jpg","type":"image\/jpeg"}],"twitter_card":"summary_large_image","twitter_misc":{"Est. reading time":"2 minutes"},"schema":{"@context":"https:\/\/schema.org","@graph":[{"@type":"WebPage","@id":"https:\/\/www.bipmedical.com\/en\/product\/bip-coaxial-cannula-mr\/","url":"https:\/\/www.bipmedical.com\/en\/product\/bip-coaxial-cannula-mr\/","name":"BIP Coaxial Cannula MR - BIP Medical","isPartOf":{"@id":"https:\/\/www.bipmedical.com\/#website"},"primaryImageOfPage":{"@id":"https:\/\/www.bipmedical.com\/en\/product\/bip-coaxial-cannula-mr\/#primaryimage"},"image":{"@id":"https:\/\/www.bipmedical.com\/en\/product\/bip-coaxial-cannula-mr\/#primaryimage"},"thumbnailUrl":"https:\/\/www.bipmedical.com\/wp-content\/uploads\/2025\/02\/CCMR_Gesamt2.jpg","datePublished":"2025-02-19T14:13:55+00:00","dateModified":"2026-01-07T09:14:07+00:00","description":"Die BIP Coaxial Cannula MR dient als F\u00fchrungskan\u00fcle um mehrfache Biopsien am gleichen Organ mit minimaler Traumatisierung durchzuf\u00fchren.","breadcrumb":{"@id":"https:\/\/www.bipmedical.com\/en\/product\/bip-coaxial-cannula-mr\/#breadcrumb"},"inLanguage":"en-US","potentialAction":[{"@type":"ReadAction","target":["https:\/\/www.bipmedical.com\/en\/product\/bip-coaxial-cannula-mr\/"]}]},{"@type":"ImageObject","inLanguage":"en-US","@id":"https:\/\/www.bipmedical.com\/en\/product\/bip-coaxial-cannula-mr\/#primaryimage","url":"https:\/\/www.bipmedical.com\/wp-content\/uploads\/2025\/02\/CCMR_Gesamt2.jpg","contentUrl":"https:\/\/www.bipmedical.com\/wp-content\/uploads\/2025\/02\/CCMR_Gesamt2.jpg","width":1417,"height":1417},{"@type":"BreadcrumbList","@id":"https:\/\/www.bipmedical.com\/en\/product\/bip-coaxial-cannula-mr\/#breadcrumb","itemListElement":[{"@type":"ListItem","position":1,"name":"Startseite","item":"https:\/\/www.bipmedical.com\/en\/"},{"@type":"ListItem","position":2,"name":"Products","item":"https:\/\/www.bipmedical.com\/en\/shop\/"},{"@type":"ListItem","position":3,"name":"BIP Coaxial Cannula MR"}]},{"@type":"WebSite","@id":"https:\/\/www.bipmedical.com\/#website","url":"https:\/\/www.bipmedical.com\/","name":"BIP Medical","description":"BIOMEDIZINISCHE PRODUKTE UND INSTRUMENTE","publisher":{"@id":"https:\/\/www.bipmedical.com\/#organization"},"potentialAction":[{"@type":"SearchAction","target":{"@type":"EntryPoint","urlTemplate":"https:\/\/www.bipmedical.com\/?s={search_term_string}"},"query-input":{"@type":"PropertyValueSpecification","valueRequired":true,"valueName":"search_term_string"}}],"inLanguage":"en-US"},{"@type":"Organization","@id":"https:\/\/www.bipmedical.com\/#organization","name":"BIP Biomedizinische Instrumente und Produkte GmbH","url":"https:\/\/www.bipmedical.com\/","logo":{"@type":"ImageObject","inLanguage":"en-US","@id":"https:\/\/www.bipmedical.com\/#\/schema\/logo\/image\/","url":"https:\/\/www.bipmedical.com\/wp-content\/uploads\/2023\/11\/cropped-2023_BIP_LOGO_3000x3000px_transp.png","contentUrl":"https:\/\/www.bipmedical.com\/wp-content\/uploads\/2023\/11\/cropped-2023_BIP_LOGO_3000x3000px_transp.png","width":512,"height":512,"caption":"BIP Biomedizinische Instrumente und Produkte GmbH"},"image":{"@id":"https:\/\/www.bipmedical.com\/#\/schema\/logo\/image\/"}}]}},"jetpack_sharing_enabled":true,"_links":{"self":[{"href":"https:\/\/www.bipmedical.com\/en\/wp-json\/wp\/v2\/product\/2748","targetHints":{"allow":["GET"]}}],"collection":[{"href":"https:\/\/www.bipmedical.com\/en\/wp-json\/wp\/v2\/product"}],"about":[{"href":"https:\/\/www.bipmedical.com\/en\/wp-json\/wp\/v2\/types\/product"}],"wp:featuredmedia":[{"embeddable":true,"href":"https:\/\/www.bipmedical.com\/en\/wp-json\/wp\/v2\/media\/2745"}],"wp:attachment":[{"href":"https:\/\/www.bipmedical.com\/en\/wp-json\/wp\/v2\/media?parent=2748"}],"wp:term":[{"taxonomy":"product_brand","embeddable":true,"href":"https:\/\/www.bipmedical.com\/en\/wp-json\/wp\/v2\/product_brand?post=2748"},{"taxonomy":"product_cat","embeddable":true,"href":"https:\/\/www.bipmedical.com\/en\/wp-json\/wp\/v2\/product_cat?post=2748"},{"taxonomy":"product_tag","embeddable":true,"href":"https:\/\/www.bipmedical.com\/en\/wp-json\/wp\/v2\/product_tag?post=2748"}],"curies":[{"name":"wp","href":"https:\/\/api.w.org\/{rel}","templated":true}]}}